{"id":171,"date":"2021-01-15T10:00:00","date_gmt":"2021-01-15T13:00:00","guid":{"rendered":"https:\/\/astroparsec.com\/?page_id=171"},"modified":"2021-01-30T14:14:16","modified_gmt":"2021-01-30T17:14:16","slug":"astro-parsec","status":"publish","type":"page","link":"https:\/\/astroparsec.com\/es\/astro-parsec","title":{"rendered":"Astro Parsec"},"content":{"rendered":"<div class = 'socialMediaOnEveryPost'><div id=\"sgmbShare1-1\" class=\"sgmbShare jssocials-theme-minima sgmbWidget1-1\"><\/div><div class=\"dropdownWrapper dropdownWrapper1 dropdownWrapper-for-widget \" id=\"dropdownWrapper-for-widget\">\r\n\t\t\t\t\t\t<div class=\"dropdownLabel\" id=\"dropdownLabel-share-list\"><span class=\"sgmbButtonListLabel1\">Share List<\/span><\/div>\r\n\t\t\t\t\t\t<div class=\"dropdownPanel dropdownPanel1-1\">\r\n\t\t\t\t\t\t<\/div>\r\n\t\t\t\t\t<\/div><script>  SGMB_URL = \"https:\/\/astroparsec.com\/wp-content\/plugins\/social-media-builder\/\"; jQuery(\".dropdownWrapper\").hide(); SGMB_GOOGLE_ACOUNT = \"\"; <\/script><script type=\"text\/javascript\">\r\n\t\tjQuery(document).ready(function($){var widget = new SGMBWidget();widget.show({\"id\":\"1\",\"title\":\"Compartilhar nas redes\",\"options\":{\"currentUrl\":\"1\",\"url\":\"\",\"shareText\":\"\",\"fontSize\":\"14\",\"betweenButtons\":\"1px\",\"theme\":\"cloud\",\"sgmbButtonsPosition\":\"topLeft\",\"socialTheme\":\"minima\",\"icon\":\"cloud\",\"buttonsPanelEffect\":\"shake\",\"buttonsEffect\":\"No Effect\",\"iconsEffect\":\"flip\",\"buttons\":\"{\\\"facebook\\\":{\\\"label\\\":\\\"Publicar\\\",\\\"icon\\\":\\\"cloud-facebook\\\"},\\\"twitter\\\":{\\\"label\\\":\\\"Tweet\\\",\\\"icon\\\":\\\"cloud-twitter\\\",\\\"via\\\":\\\"\\\",\\\"hashtags\\\":\\\"\\\"}}\",\"roundButton\":\"\",\"showLabels\":\"on\",\"showCounts\":\"\",\"showCenter\":\"\",\"showButtonsAsList\":\"\",\"sgmbDropdownColor\":\"\",\"sgmbDropdownLabelFontSize\":\"14\",\"sgmbDropdownLabelColor\":\"\",\"showButtonsOnEveryPost\":\"on\",\"selectedOrExcluded\":\"\",\"showButtonsOnEveryPage\":\"\",\"textOnEveryPost\":\"\",\"showButtonsOnCustomPost\":\"\",\"textOnCustomPost\":\"\",\"showButtonsOnMobileDirect\":\"on\",\"showButtonsOnDesktopDirect\":\"on\",\"sgmbSelectedPages\":[\"\"],\"sgmbExcludedPosts\":[\"\"],\"sgmbSelectedCustomPosts\":[],\"showButtonsInPopup\":\"\",\"titleOfPopup\":\"\",\"descriptionOfPopup\":\"\",\"showPopupOnLoad\":\"\",\"showPopupOnScroll\":\"\",\"showPopupOnExit\":\"\",\"openSecondsOfPopup\":\"\",\"googleAnaliticsAccount\":\"\"},\"buttonOptions\":{\"facebook\":{\"label\":\"Publicar\",\"icon\":\"cloud-facebook\"},\"twitter\":{\"label\":\"Tweet\",\"icon\":\"cloud-twitter\",\"via\":\"\",\"hashtags\":\"\"}},\"button\":[\"facebook\",\"twitter\"]}, 1, '', 'https:\/\/astroparsec.com\/wp-content\/uploads\/2020\/12\/logo-icone-preta-fundo-branco.png', '', 'https:\/\/astroparsec.com\/es\/astro-parsec'); });<\/script><\/div><script> jQuery(\".socialMediaOnEveryPost\").addClass(\"sgmb-left\") <\/script><p>El objetivo de <strong>Astro Parsec<\/strong> es divulgar lo m\u00e1s nuevo e interesante de la astronom\u00eda para un p\u00fablico amplio y curioso. Desde los d\u00edas olvidados en la <em>noche de los tiempos<\/em>, la contemplaci\u00f3n del cielo est\u00e1 llena de admiraci\u00f3n y misterio. Y si la urbanizaci\u00f3n alej\u00f3 nuestros ojos del paisaje estelar, la tecnolog\u00eda nos la devuelve\u00a0 por medio de im\u00e1genes de calidad cada vez mayor. Las preguntas continuan siendo las mismas: \u00bfQu\u00e9\u00a0 es el Cosmos? \u00bfEs infinito? \u00bfDonde queda la Tierra? \u00bfHay vida inteligente fuera de nuestro planeta? \u00bfPuede una cat\u00e1strofe espacial acabar com la Tierra? \u00bfDonde estamos? \u00bfPara donde vamos?<\/p>\r\n<p><!-- \/wp:post-content -->\r\n<!-- wp:paragraph --><\/p>\r\n<p>No tenemos respuestas para esas preguntas. S\u00f3lo el h\u00e1bito de preguntar que, sabemos, estimula al pensamiento cr\u00edtico y a la b\u00fasqueda de respuestas l\u00f3gicas. Un h\u00e1bito que comenz\u00f3 2.500 a\u00f1os atr\u00e1s, en la Grecia Cl\u00e1sica, primero fue llamado de <strong>Filosofia Natural <\/strong>\u00a0y hoy lo llamamos de\u00a0 <strong>Ciencia<\/strong>.\u00a0 Las respuestas vienen de a\u00a0 poco, y por cada una de ellas surgen varias preguntas nuevas.<\/p>\r\n<p><!-- \/wp:paragraph -->\r\n<!-- wp:paragraph {\"fontSize\":\"medium\"} --><\/p>\r\n<p class=\"has-medium-font-size\"><em>Nuestro logo<\/em><\/p>\r\n<p><!-- \/wp:paragraph -->\r\n<!-- wp:paragraph --><\/p>\r\n<div class=\"wp-block-media-text alignwide is-stacked-on-mobile\">\r\n<figure class=\"wp-block-media-text__media\"><img decoding=\"async\" class=\"wp-image-144 size-full\" src=\"https:\/\/astroparsec.com\/wp-content\/uploads\/2020\/12\/cropped-logo-icone-preta-fundo-branco.png\" alt=\"\" \/><\/figure>\r\n<div class=\"wp-block-media-text__content\">\r\n<p><span style=\"font-weight: 400;\">El <\/span><i><span style=\"font-weight: 400;\">parsec<\/span><\/i><span style=\"font-weight: 400;\"> es una unidad de distancia en Astronom\u00eda, su s\u00edmbolo es <\/span><i><span style=\"font-weight: 400;\">pc y<\/span><\/i><span style=\"font-weight: 400;\"> equivale a 3,26 a\u00f1os-luz o, aproximadamente, 31 billones de kil\u00f3metros. Est\u00e1 definido por una t\u00e9cnica de medir distancias, la <\/span><i><span style=\"font-weight: 400;\">paralaje<\/span><\/i><span style=\"font-weight: 400;\">, explicado <a href=\"https:\/\/astroparsec.com\/es\/2021\/01\/15\/que-es-el-parsec\">en este post<\/a> y que tiene\u00a0 un tri\u00e1ngulo rect\u00e1ngulo por base,\u00a0 un v\u00e9rtice corresponde a la Tierra, otro al Sol y el tercero, a la estrella observada. <strong>Nuestro logo es una alegor\u00eda al significado del nombre del blog.<\/strong><\/span><\/p>\r\n<\/div>\r\n<\/div>\r\n<p><!-- \/wp:paragraph --><\/p>\r\n<p><!-- wp:paragraph --><\/p>\r\n<p><!-- \/wp:paragraph --><\/p>","protected":false},"excerpt":{"rendered":"<p>Share List El objetivo de Astro Parsec es divulgar lo m\u00e1s nuevo e interesante de la astronom\u00eda para un p\u00fablico amplio y curioso. Desde los d\u00edas olvidados en la noche de los tiempos, la contemplaci\u00f3n del cielo est\u00e1 llena de admiraci\u00f3n y misterio. Y si<\/p>\n<p class=\"entry-excerpt-more\"><a class=\"read-more\" href=\"https:\/\/astroparsec.com\/es\/astro-parsec\">Read More <i class=\"fa fa-long-arrow-right\"><\/i><\/a><\/p>\n","protected":false},"author":1,"featured_media":143,"parent":0,"menu_order":0,"comment_status":"closed","ping_status":"closed","template":"","meta":{"twitterCardType":"","cardImageID":0,"cardImage":"","cardTitle":"","cardDesc":"","cardImageAlt":"","cardPlayer":"","cardPlayerWidth":0,"cardPlayerHeight":0,"cardPlayerStream":"","cardPlayerCodec":"","footnotes":""},"class_list":["post-171","page","type-page","status-publish","has-post-thumbnail","hentry"],"_links":{"self":[{"href":"https:\/\/astroparsec.com\/es\/wp-json\/wp\/v2\/pages\/171","targetHints":{"allow":["GET"]}}],"collection":[{"href":"https:\/\/astroparsec.com\/es\/wp-json\/wp\/v2\/pages"}],"about":[{"href":"https:\/\/astroparsec.com\/es\/wp-json\/wp\/v2\/types\/page"}],"author":[{"embeddable":true,"href":"https:\/\/astroparsec.com\/es\/wp-json\/wp\/v2\/users\/1"}],"replies":[{"embeddable":true,"href":"https:\/\/astroparsec.com\/es\/wp-json\/wp\/v2\/comments?post=171"}],"version-history":[{"count":18,"href":"https:\/\/astroparsec.com\/es\/wp-json\/wp\/v2\/pages\/171\/revisions"}],"predecessor-version":[{"id":333,"href":"https:\/\/astroparsec.com\/es\/wp-json\/wp\/v2\/pages\/171\/revisions\/333"}],"wp:featuredmedia":[{"embeddable":true,"href":"https:\/\/astroparsec.com\/es\/wp-json\/wp\/v2\/media\/143"}],"wp:attachment":[{"href":"https:\/\/astroparsec.com\/es\/wp-json\/wp\/v2\/media?parent=171"}],"curies":[{"name":"wp","href":"https:\/\/api.w.org\/{rel}","templated":true}]}}